{"id":203,"date":"2019-10-10T10:18:57","date_gmt":"2019-10-10T10:18:57","guid":{"rendered":"https:\/\/donpeppe.qodeinteractive.com\/?page_id=203"},"modified":"2025-03-04T18:18:52","modified_gmt":"2025-03-04T17:18:52","slug":"hlavni-stranka","status":"publish","type":"page","link":"https:\/\/kafebouda.cz\/hlavni-stranka\/","title":{"rendered":"HLAVN\u00cd STR\u00c1NKA"},"content":{"rendered":"<section class=\"wpb-content-wrapper\"><p>[vc_row full_width=&#8220;stretch_row&#8220; css=&#8220;.vc_custom_1741107416754{margin-top: 50px !important;padding-top: 10px !important;padding-bottom: 10px !important;}&#8220; sticker_svg_path=&#8220;&#8220;][vc_column][vc_custom_heading text=&#8220;K\u00c1VA NA KOLECH&#8220; font_container=&#8220;tag:h2|font_size:16|text_align:center|color:%2381d742&#8243; google_fonts=&#8220;font_family:Montserrat%3Aregular%2C700|font_style:400%20regular%3A400%3Anormal&#8220;][vc_custom_heading text=&#8220;TO JE KAFEBOUDA&#8220; font_container=&#8220;tag:h2|text_align:center&#8220; google_fonts=&#8220;font_family:Montserrat%3Aregular%2C700|font_style:700%20bold%20regular%3A700%3Anormal&#8220;][vc_custom_heading text=&#8220;V\u00edtejte na str\u00e1nk\u00e1ch na\u0161\u00ed poj\u00edzdn\u00e9 kav\u00e1rny.&#8220; font_container=&#8220;tag:h6|text_align:center&#8220; google_fonts=&#8220;font_family:Montserrat%3Aregular%2C700|font_style:400%20regular%3A400%3Anormal&#8220;][\/vc_column][\/vc_row][vc_row css=&#8220;.vc_custom_1741107389855{margin-top: 100px !important;padding-top: 54px !important;padding-bottom: 91px !important;background-color: #f7f7f2 !important;}&#8220; sticker_svg_path=&#8220;&#8220;][vc_column width=&#8220;1\/2&#8243; css=&#8220;.vc_custom_1741107618269{margin-left: 60px !important;border-left-width: -30px !important;padding-left: -30px !important;}&#8220;][vc_custom_heading text=&#8220;Kafebouda&#8220; font_container=&#8220;tag:h3|text_align:center|color:%2381d742&#8243; google_fonts=&#8220;font_family:Montserrat%3Aregular%2C700|font_style:400%20regular%3A400%3Anormal&#8220;][vc_custom_heading text=&#8220;Zjist\u011bte kdo jsme, pro\u010d to d\u011bl\u00e1me a \u017ee dobr\u00e1 k\u00e1va se d\u00e1 uva\u0159it kdekoliv.&#8220; font_container=&#8220;tag:h5|text_align:center&#8220; google_fonts=&#8220;font_family:Montserrat%3Aregular%2C700|font_style:400%20regular%3A400%3Anormal&#8220;]<a itemprop=\"url\" href=\"https:\/\/kafebouda.cz\/hlavni-stranka\/o-boude\/\" target=\"_blank\"  class=\"qodef-btn qodef-btn-medium qodef-btn-solid\"  >\n        <span class=\"qodef-btn-text\">V\u00edce o n\u00e1s zde<\/span>\n    <\/a>[vc_custom_heading text=&#8220;St\u00e1le na kolech&#8220; font_container=&#8220;tag:h3|text_align:center|color:%2381d742&#8243; google_fonts=&#8220;font_family:Montserrat%3Aregular%2C700|font_style:400%20regular%3A400%3Anormal&#8220; css=&#8220;.vc_custom_1741108192390{padding-top: 100px !important;}&#8220;][vc_custom_heading text=&#8220;Ve\u0159ejn\u00fdmi akcemi to nekon\u010d\u00ed, zavolejte nebo napi\u0161te r\u00e1di p\u0159ijedeme p\u0159\u00edmo za v\u00e1mi.&#8220; font_container=&#8220;tag:h5|text_align:left&#8220; google_fonts=&#8220;font_family:Montserrat%3Aregular%2C700|font_style:400%20regular%3A400%3Anormal&#8220;]<a itemprop=\"url\" href=\"https:\/\/kafebouda.cz\/hlavni-stranka\/kontakt\/\" target=\"_blank\"  class=\"qodef-btn qodef-btn-medium qodef-btn-solid\"  >\n        <span class=\"qodef-btn-text\">Formul\u00e1\u0159<\/span>\n    <\/a>[vc_custom_heading text=&#8220;Kde naraz\u00edte na boudu&#8220; font_container=&#8220;tag:h3|text_align:center|color:%2381d742&#8243; google_fonts=&#8220;font_family:Montserrat%3Aregular%2C700|font_style:400%20regular%3A400%3Anormal&#8220; css=&#8220;.vc_custom_1741108202457{padding-top: 100px !important;}&#8220;][vc_custom_heading text=&#8220;Seznam akc\u00ed, kde si m\u016f\u017eete vychutnat poctivou k\u00e1vu z na\u0161\u00ed boudy s l\u00e1skou va\u0159enou.&#8220; font_container=&#8220;tag:h5|text_align:left&#8220; google_fonts=&#8220;font_family:Montserrat%3Aregular%2C700|font_style:400%20regular%3A400%3Anormal&#8220;]<a itemprop=\"url\" href=\"https:\/\/kafebouda.cz\/hlavni-stranka\/akce\/\" target=\"_blank\"  class=\"qodef-btn qodef-btn-medium qodef-btn-solid\"  >\n        <span class=\"qodef-btn-text\">Pl\u00e1n akc\u00ed<\/span>\n    <\/a>[\/vc_column][vc_column width=&#8220;1\/2&#8243;][vc_single_image image=&#8220;3440&#8243; img_size=&#8220;500x 1000&#8243; alignment=&#8220;center&#8220;][\/vc_column][\/vc_row]<\/p>\n<\/section>","protected":false},"excerpt":{"rendered":"<p>[vc_row full_width=&#8220;stretch_row&#8220; css=&#8220;.vc_custom_1741107416754{margin-top: 50px !important;padding-top: 10px !important;padding-bottom: 10px !important;}&#8220; sticker_svg_path=&#8220;&#8220;][vc_column][vc_custom_heading text=&#8220;K\u00c1VA NA KOLECH&#8220; font_container=&#8220;tag:h2|font_size:16|text_align:center|color:%2381d742&#8243; google_fonts=&#8220;font_family:Montserrat%3Aregular%2C700|font_style:400%20regular%3A400%3Anormal&#8220;][vc_custom_heading text=&#8220;TO JE KAFEBOUDA&#8220; font_container=&#8220;tag:h2|text_align:center&#8220; google_fonts=&#8220;font_family:Montserrat%3Aregular%2C700|font_style:700%20bold%20regular%3A700%3Anormal&#8220;][vc_custom_heading text=&#8220;V\u00edtejte na str\u00e1nk\u00e1ch na\u0161\u00ed poj\u00edzdn\u00e9 kav\u00e1rny.&#8220; font_container=&#8220;tag:h6|text_align:center&#8220; google_fonts=&#8220;font_family:Montserrat%3Aregular%2C700|font_style:400%20regular%3A400%3Anormal&#8220;][\/vc_column][\/vc_row][vc_row css=&#8220;.vc_custom_1741107389855{margin-top: 100px !important;padding-top: 54px !important;padding-bottom: 91px !important;background-color: #f7f7f2 !important;}&#8220; sticker_svg_path=&#8220;&#8220;][vc_column width=&#8220;1\/2&#8243; css=&#8220;.vc_custom_1741107618269{margin-left: 60px !important;border-left-width: -30px !important;padding-left: -30px !important;}&#8220;][vc_custom_heading text=&#8220;Kafebouda&#8220; font_container=&#8220;tag:h3|text_align:center|color:%2381d742&#8243; google_fonts=&#8220;font_family:Montserrat%3Aregular%2C700|font_style:400%20regular%3A400%3Anormal&#8220;][vc_custom_heading text=&#8220;Zjist\u011bte kdo jsme, pro\u010d [&hellip;]<\/p>\n","protected":false},"author":1,"featured_media":0,"parent":0,"menu_order":0,"comment_status":"closed","ping_status":"closed","template":"full-width.php","meta":{"footnotes":""},"class_list":["post-203","page","type-page","status-publish","hentry"],"_links":{"self":[{"href":"https:\/\/kafebouda.cz\/hlavni-stranka\/wp-json\/wp\/v2\/pages\/203","targetHints":{"allow":["GET"]}}],"collection":[{"href":"https:\/\/kafebouda.cz\/hlavni-stranka\/wp-json\/wp\/v2\/pages"}],"about":[{"href":"https:\/\/kafebouda.cz\/hlavni-stranka\/wp-json\/wp\/v2\/types\/page"}],"author":[{"embeddable":true,"href":"https:\/\/kafebouda.cz\/hlavni-stranka\/wp-json\/wp\/v2\/users\/1"}],"replies":[{"embeddable":true,"href":"https:\/\/kafebouda.cz\/hlavni-stranka\/wp-json\/wp\/v2\/comments?post=203"}],"version-history":[{"count":58,"href":"https:\/\/kafebouda.cz\/hlavni-stranka\/wp-json\/wp\/v2\/pages\/203\/revisions"}],"predecessor-version":[{"id":3724,"href":"https:\/\/kafebouda.cz\/hlavni-stranka\/wp-json\/wp\/v2\/pages\/203\/revisions\/3724"}],"wp:attachment":[{"href":"https:\/\/kafebouda.cz\/hlavni-stranka\/wp-json\/wp\/v2\/media?parent=203"}],"curies":[{"name":"wp","href":"https:\/\/api.w.org\/{rel}","templated":true}]}}